{"id":1488,"date":"2025-02-09T19:43:26","date_gmt":"2025-02-09T19:43:26","guid":{"rendered":"https:\/\/astorx.hr\/home\/"},"modified":"2025-07-31T10:36:36","modified_gmt":"2025-07-31T10:36:36","slug":"home","status":"publish","type":"page","link":"https:\/\/astorx.hr\/en\/","title":{"rendered":"Home"},"content":{"rendered":"<div class=\"wp-block-uagb-container uagb-block-0510ccec alignfull uagb-is-root-container\"><div class=\"uagb-container-inner-blocks-wrap\">\n<div class=\"wp-block-uagb-container uagb-block-5cb4b1bf\">\n<div class=\"wp-block-uagb-info-box uagb-block-7368a642 uagb-infobox__content-wrap  uagb-infobox-icon-above-title uagb-infobox-image-valign-top\"><div class=\"uagb-ifb-content\"><div class=\"uagb-ifb-title-wrap\"><h4 class=\"uagb-ifb-title-prefix\"><strong>AstorX \u2013 Digital Solutions<\/strong><\/h4><h1 class=\"uagb-ifb-title\"><strong>Najbr\u017ea i najlak\u0161a digitalizacija za Va\u0161e poslovanje<\/strong><\/h1><\/div><p class=\"uagb-ifb-desc\">Profesionalne digitalne usluge za rast Poslovanja. AstorX je digitalna agencija specijalizirana za web razvoj, marketing i web dizajn. Pru\u017eamo vrhunske IT usluge koje optimiziraju va\u0161e poslovanje i pove\u0107avaju njegovu vidljivost na internetu.<\/p><div class=\"uagb-ifb-button-wrapper wp-block-button\"><a href=\"\/en\/forma\/\" class=\"uagb-infobox-cta-link wp-block-button__link\" target=\"_self\" rel=\"noopener noreferrer\" onclick=\"return true;\"><span class=\"uagb-inline-editing\">Offers<\/span><\/a><\/div><\/div><\/div>\n<\/div>\n<\/div><\/div>\n\n\n\n<div class=\"wp-block-uagb-container uagb-block-7b830887 alignfull uagb-is-root-container\"><div class=\"uagb-container-inner-blocks-wrap\">\n<div class=\"wp-block-uagb-advanced-heading uagb-block-c4252b01\"><h2 class=\"uagb-heading-text\"><strong>How Can We Help You?<\/strong><\/h2><p class=\"uagb-desc-text\">Customized digital solutions that optimize business processes and support the sustainable growth of your business in a competitive market.<\/p><\/div>\n\n\n\n<div class=\"wp-block-uagb-container uagb-block-4d4d48d6\">\n<div class=\"wp-block-uagb-container uagb-block-e35a1fde\">\n<div class=\"wp-block-uagb-info-box uagb-block-318f4bee uagb-infobox__content-wrap  uagb-infobox-icon-above-title uagb-infobox-image-valign-top\"><div class=\"uagb-ifb-content\"><div class=\"uagb-ifb-icon-wrap\"><svg xmlns=\"https:\/\/www.w3.org\/2000\/svg\" viewbox=\"0 0 512 512\"><path d=\"M490.3 40.4C512.2 62.27 512.2 97.73 490.3 119.6L460.3 149.7L362.3 51.72L392.4 21.66C414.3-.2135 449.7-.2135 471.6 21.66L490.3 40.4zM172.4 241.7L339.7 74.34L437.7 172.3L270.3 339.6C264.2 345.8 256.7 350.4 248.4 353.2L159.6 382.8C150.1 385.6 141.5 383.4 135 376.1C128.6 370.5 126.4 361 129.2 352.4L158.8 263.6C161.6 255.3 166.2 247.8 172.4 241.7V241.7zM192 63.1C209.7 63.1 224 78.33 224 95.1C224 113.7 209.7 127.1 192 127.1H96C78.33 127.1 64 142.3 64 159.1V416C64 433.7 78.33 448 96 448H352C369.7 448 384 433.7 384 416V319.1C384 302.3 398.3 287.1 416 287.1C433.7 287.1 448 302.3 448 319.1V416C448 469 405 512 352 512H96C42.98 512 0 469 0 416V159.1C0 106.1 42.98 63.1 96 63.1H192z\"><\/path><\/svg><\/div><div class=\"uagb-ifb-title-wrap\"><h4 class=\"uagb-ifb-title\"><strong><strong>Web Design<\/strong><\/strong><\/h4><\/div><p class=\"uagb-ifb-desc\">We design modern, responsive, and fast websites tailored to your brand. Boost your online presence with custom web design that engages visitors and drives results.<\/p><\/div><\/div>\n<\/div>\n\n\n\n<div class=\"wp-block-uagb-container uagb-block-f0fb8981\">\n<div class=\"wp-block-uagb-info-box uagb-block-c2361e87 uagb-infobox__content-wrap  uagb-infobox-icon-above-title uagb-infobox-image-valign-top\"><div class=\"uagb-ifb-content\"><div class=\"uagb-ifb-icon-wrap\"><svg xmlns=\"https:\/\/www.w3.org\/2000\/svg\" viewbox=\"0 0 576 512\"><path d=\"M128 160C128 142.3 142.3 128 160 128H288C305.7 128 320 142.3 320 160V256C320 273.7 305.7 288 288 288H160C142.3 288 128 273.7 128 256V160zM288 320C323.3 320 352 291.3 352 256V224H416C433.7 224 448 238.3 448 256V352C448 369.7 433.7 384 416 384H288C270.3 384 256 369.7 256 352V320H288zM32 119.4C12.87 108.4 0 87.69 0 64C0 28.65 28.65 0 64 0C87.69 0 108.4 12.87 119.4 32H456.6C467.6 12.87 488.3 0 512 0C547.3 0 576 28.65 576 64C576 87.69 563.1 108.4 544 119.4V392.6C563.1 403.6 576 424.3 576 448C576 483.3 547.3 512 512 512C488.3 512 467.6 499.1 456.6 480H119.4C108.4 499.1 87.69 512 64 512C28.65 512 0 483.3 0 448C0 424.3 12.87 403.6 32 392.6V119.4zM119.4 96C113.8 105.7 105.7 113.8 96 119.4V392.6C105.7 398.2 113.8 406.3 119.4 416H456.6C462.2 406.3 470.3 398.2 480 392.6V119.4C470.3 113.8 462.2 105.7 456.6 96H119.4z\"><\/path><\/svg><\/div><div class=\"uagb-ifb-title-wrap\"><h4 class=\"uagb-ifb-title\"><strong><strong><strong>Web Development<\/strong><\/strong><\/strong><\/h4><\/div><p class=\"uagb-ifb-desc\">We develop custom web solutions with a focus on security and speed. Our web development services ensure high performance, scalability, and seamless user experience.<\/p><\/div><\/div>\n<\/div>\n\n\n\n<div class=\"wp-block-uagb-container uagb-block-fb564294\">\n<div class=\"wp-block-uagb-info-box uagb-block-0a431fb6 uagb-infobox__content-wrap  uagb-infobox-icon-above-title uagb-infobox-image-valign-top\"><div class=\"uagb-ifb-content\"><div class=\"uagb-ifb-icon-wrap\"><svg xmlns=\"https:\/\/www.w3.org\/2000\/svg\" viewbox=\"0 0 512 512\"><path d=\"M511.6 36.86l-64 415.1c-1.5 9.734-7.375 18.22-15.97 23.05c-4.844 2.719-10.27 4.097-15.68 4.097c-4.188 0-8.319-.8154-12.29-2.472l-122.6-51.1l-50.86 76.29C226.3 508.5 219.8 512 212.8 512C201.3 512 192 502.7 192 491.2v-96.18c0-7.115 2.372-14.03 6.742-19.64L416 96l-293.7 264.3L19.69 317.5C8.438 312.8 .8125 302.2 .0625 289.1s5.469-23.72 16.06-29.77l448-255.1c10.69-6.109 23.88-5.547 34 1.406S513.5 24.72 511.6 36.86z\"><\/path><\/svg><\/div><div class=\"uagb-ifb-title-wrap\"><h4 class=\"uagb-ifb-title\">Digital Marketing<\/h4><\/div><p class=\"uagb-ifb-desc\">Increase your online visibility through SEO, targeted advertising, and growth strategies. Our digital marketing solutions help your business attract, engage, and retain customers.<\/p><\/div><\/div>\n<\/div>\n\n\n\n<div class=\"wp-block-uagb-container uagb-block-44e897c5\">\n<div class=\"wp-block-uagb-info-box uagb-block-aab0c17a uagb-infobox__content-wrap  uagb-infobox-icon-above-title uagb-infobox-image-valign-top\"><div class=\"uagb-ifb-content\"><div class=\"uagb-ifb-icon-wrap\"><svg xmlns=\"https:\/\/www.w3.org\/2000\/svg\" viewbox=\"0 0 384 512\"><path d=\"M112.1 454.3c0 6.297 1.816 12.44 5.284 17.69l17.14 25.69c5.25 7.875 17.17 14.28 26.64 14.28h61.67c9.438 0 21.36-6.401 26.61-14.28l17.08-25.68c2.938-4.438 5.348-12.37 5.348-17.7L272 415.1h-160L112.1 454.3zM191.4 .0132C89.44 .3257 16 82.97 16 175.1c0 44.38 16.44 84.84 43.56 115.8c16.53 18.84 42.34 58.23 52.22 91.45c.0313 .25 .0938 .5166 .125 .7823h160.2c.0313-.2656 .0938-.5166 .125-.7823c9.875-33.22 35.69-72.61 52.22-91.45C351.6 260.8 368 220.4 368 175.1C368 78.61 288.9-.2837 191.4 .0132zM192 96.01c-44.13 0-80 35.89-80 79.1C112 184.8 104.8 192 96 192S80 184.8 80 176c0-61.76 50.25-111.1 112-111.1c8.844 0 16 7.159 16 16S200.8 96.01 192 96.01z\"><\/path><\/svg><\/div><div class=\"uagb-ifb-title-wrap\"><h4 class=\"uagb-ifb-title\"><strong><strong>Social Media Management<\/strong><\/strong><\/h4><\/div><p class=\"uagb-ifb-desc\">Build your social media presence with strategic management, targeted advertising, and audience engagement. Increase brand visibility and grow a loyal community with our professional services.<\/p><\/div><\/div>\n<\/div>\n\n\n\n<div class=\"wp-block-uagb-container uagb-block-6ecad6e4\">\n<div class=\"wp-block-uagb-info-box uagb-block-1e58973e uagb-infobox__content-wrap  uagb-infobox-icon-above-title uagb-infobox-image-valign-top\"><div class=\"uagb-ifb-content\"><div class=\"uagb-ifb-icon-wrap\"><svg xmlns=\"https:\/\/www.w3.org\/2000\/svg\" viewbox=\"0 0 576 512\"><path d=\"M512 32C547.3 32 576 60.65 576 96V128H0V96C0 60.65 28.65 32 64 32H512zM576 416C576 451.3 547.3 480 512 480H64C28.65 480 0 451.3 0 416V224H576V416zM112 352C103.2 352 96 359.2 96 368C96 376.8 103.2 384 112 384H176C184.8 384 192 376.8 192 368C192 359.2 184.8 352 176 352H112zM240 384H368C376.8 384 384 376.8 384 368C384 359.2 376.8 352 368 352H240C231.2 352 224 359.2 224 368C224 376.8 231.2 384 240 384z\"><\/path><\/svg><\/div><div class=\"uagb-ifb-title-wrap\"><h4 class=\"uagb-ifb-title\"><strong><strong><strong>eCommerce Solutions<\/strong>\u200b<\/strong><\/strong><\/h4><\/div><p class=\"uagb-ifb-desc\">We help you build and optimize online stores focused on user experience, security, and sales growth. Our tailored eCommerce solutions streamline product management and order fulfillment for maximum efficiency.<\/p><\/div><\/div>\n<\/div>\n\n\n\n<div class=\"wp-block-uagb-container uagb-block-a021c308\">\n<div class=\"wp-block-uagb-info-box uagb-block-ddf22a23 uagb-infobox__content-wrap  uagb-infobox-icon-above-title uagb-infobox-image-valign-top\"><div class=\"uagb-ifb-content\"><div class=\"uagb-ifb-icon-wrap\"><svg xmlns=\"https:\/\/www.w3.org\/2000\/svg\" viewbox=\"0 0 512 512\"><path d=\"M256 0C114.6 0 0 114.6 0 256s114.6 256 256 256s256-114.6 256-256S397.4 0 256 0zM256 128c39.77 0 72 32.24 72 72S295.8 272 256 272c-39.76 0-72-32.24-72-72S216.2 128 256 128zM256 448c-52.93 0-100.9-21.53-135.7-56.29C136.5 349.9 176.5 320 224 320h64c47.54 0 87.54 29.88 103.7 71.71C356.9 426.5 308.9 448 256 448z\"><\/path><\/svg><\/div><div class=\"uagb-ifb-title-wrap\"><h4 class=\"uagb-ifb-title\"><strong>IT Consulting<\/strong><\/h4><\/div><p class=\"uagb-ifb-desc\">We provide expert advice on digital transformation and business process optimization. Let us help you leverage technology to improve operations and drive business growth.<\/p><\/div><\/div>\n<\/div>\n<\/div>\n<\/div><\/div>\n\n\n\n<div class=\"wp-block-uagb-container uagb-block-b795fc05 alignfull uagb-is-root-container\"><div class=\"uagb-container-inner-blocks-wrap\">\n<div class=\"wp-block-uagb-advanced-heading uagb-block-3be68b32\"><h2 class=\"uagb-heading-text\"><strong>Our Clients<\/strong><\/h2><p class=\"uagb-desc-text\">Trust in Quality and Expertise.<\/p><\/div>\n<\/div><\/div>\n\n\n\n<div class=\"wp-block-uagb-container uagb-block-3b905f6b alignfull uagb-is-root-container\"><div class=\"uagb-container-inner-blocks-wrap\">\n<div class=\"wp-block-uagb-container uagb-block-3150e9a9\">\n<div class=\"wp-block-uagb-image aligncenter uagb-block-029404d8 wp-block-uagb-image--layout-default wp-block-uagb-image--effect-static wp-block-uagb-image--align-center\"><figure class=\"wp-block-uagb-image__figure\"><a class=\"\" href=\"http:\/\/deltabackups.com\/\" target=\"_blank\" rel=\"noreferrer noopener nofollow\"><img decoding=\"async\" srcset=\"https:\/\/astorx.hr\/wp-content\/uploads\/2025\/02\/deltabackups-1024x875.png ,https:\/\/astorx.hr\/wp-content\/uploads\/2025\/02\/deltabackups.png 780w, https:\/\/astorx.hr\/wp-content\/uploads\/2025\/02\/deltabackups.png 360w\" sizes=\"auto, (max-width: 480px) 150px\" src=\"https:\/\/astorx.hr\/wp-content\/uploads\/2025\/02\/deltabackups-1024x875.png\" alt=\"\" class=\"uag-image-3213\" width=\"160\" height=\"136\" title=\"deltabackups\" loading=\"lazy\" role=\"img\"\/><\/a><\/figure><\/div>\n<\/div>\n\n\n\n<div class=\"wp-block-uagb-container uagb-block-43f7edea\">\n<div class=\"wp-block-uagb-image aligncenter uagb-block-fc8762de wp-block-uagb-image--layout-default wp-block-uagb-image--effect-static wp-block-uagb-image--align-center\"><figure class=\"wp-block-uagb-image__figure\"><a class=\"\" href=\"http:\/\/teamdumboka.hr\/\" target=\"_blank\" rel=\"noreferrer noopener nofollow\"><img decoding=\"async\" srcset=\"https:\/\/astorx.hr\/wp-content\/uploads\/2025\/02\/teamdumboka.png ,https:\/\/astorx.hr\/wp-content\/uploads\/2025\/02\/teamdumboka.png 780w, https:\/\/astorx.hr\/wp-content\/uploads\/2025\/02\/teamdumboka.png 360w\" sizes=\"auto, (max-width: 480px) 150px\" src=\"https:\/\/astorx.hr\/wp-content\/uploads\/2025\/02\/teamdumboka.png\" alt=\"\" class=\"uag-image-3215\" width=\"160\" height=\"160\" title=\"teamdumboka\" loading=\"lazy\" role=\"img\"\/><\/a><\/figure><\/div>\n<\/div>\n\n\n\n<div class=\"wp-block-uagb-container uagb-block-5c547ba7\">\n<div class=\"wp-block-uagb-image aligncenter uagb-block-466c8c26 wp-block-uagb-image--layout-default wp-block-uagb-image--effect-static wp-block-uagb-image--align-center\"><figure class=\"wp-block-uagb-image__figure\"><a class=\"\" href=\"https:\/\/napiketu.com\/\" target=\"_blank\" rel=\"noreferrer noopener nofollow\"><img decoding=\"async\" srcset=\"https:\/\/astorx.hr\/wp-content\/uploads\/2025\/02\/napiketu.png ,https:\/\/astorx.hr\/wp-content\/uploads\/2025\/02\/napiketu.png 780w, https:\/\/astorx.hr\/wp-content\/uploads\/2025\/02\/napiketu.png 360w\" sizes=\"auto, (max-width: 480px) 150px\" src=\"https:\/\/astorx.hr\/wp-content\/uploads\/2025\/02\/napiketu.png\" alt=\"\" class=\"uag-image-3217\" width=\"160\" height=\"136\" title=\"napiketu\" loading=\"lazy\" role=\"img\"\/><\/a><\/figure><\/div>\n<\/div>\n\n\n\n<div class=\"wp-block-uagb-container uagb-block-ab837842\">\n<div class=\"wp-block-uagb-image aligncenter uagb-block-080eb598 wp-block-uagb-image--layout-default wp-block-uagb-image--effect-static wp-block-uagb-image--align-center\"><figure class=\"wp-block-uagb-image__figure\"><a class=\"\" href=\"https:\/\/spring-shift.com\/\" target=\"_blank\" rel=\"noreferrer noopener nofollow\"><img decoding=\"async\" srcset=\"https:\/\/astorx.hr\/wp-content\/uploads\/2025\/02\/spring-shift.png ,https:\/\/astorx.hr\/wp-content\/uploads\/2025\/02\/spring-shift.png 780w, https:\/\/astorx.hr\/wp-content\/uploads\/2025\/02\/spring-shift.png 360w\" sizes=\"auto, (max-width: 480px) 150px\" src=\"https:\/\/astorx.hr\/wp-content\/uploads\/2025\/02\/spring-shift.png\" alt=\"\" class=\"uag-image-3220\" width=\"160\" height=\"62\" title=\"spring-shift\" loading=\"lazy\" role=\"img\"\/><\/a><\/figure><\/div>\n<\/div>\n<\/div><\/div>\n\n\n\n<div class=\"wp-block-uagb-container uagb-block-b997312a alignfull uagb-is-root-container\"><div class=\"uagb-container-inner-blocks-wrap\">\n<div class=\"wp-block-uagb-container uagb-layout-grid uagb-block-005fba1f\">\n<div class=\"wp-block-uagb-advanced-heading uagb-block-12865cae\"><h3 class=\"uagb-heading-text\"><strong>Ready to Start a Project with Us?<\/strong>\u200b<\/h3><p class=\"uagb-desc-text\">Contact us and let\u2019s find the best solution for your business!<\/p><\/div>\n\n\n\n<div class=\"wp-block-uagb-buttons uagb-buttons__outer-wrap uagb-btn__default-btn uagb-btn-tablet__default-btn uagb-btn-mobile__default-btn uagb-block-2c953428\"><div class=\"uagb-buttons__wrap uagb-buttons-layout-wrap\">\n<div class=\"wp-block-uagb-buttons-child uagb-buttons__outer-wrap uagb-block-8bb4b826 wp-block-button\"><div class=\"uagb-button__wrapper\"><a class=\"uagb-buttons-repeater wp-block-button__link\" aria-label=\"\" href=\"tel:+385995328845\" rel=\"follow noopener\" target=\"_self\" role=\"button\"><div class=\"uagb-button__link\">+385 99 532 88 45<\/div><\/a><\/div><\/div>\n<\/div><\/div>\n<\/div>\n<\/div><\/div>","protected":false},"excerpt":{"rendered":"<p>Kako Vam Mo\u017eemo Pomo\u0107i? Prilago\u0111ena digitalna rje\u0161enja koja optimiziraju poslovne procese i podr\u017eavaju odr\u017eiv rast va\u0161eg poslovanja u konkurentnom tr\u017ei\u0161tu. Na\u0161i Klijenti Povjerenje u kvalitetu i stru\u010dnosti. \u017delite zapo\u010deti projekt s nama?\u200b Kontaktirajte nas i prona\u0111imo najbolje rje\u0161enje za va\u0161e poslovanje!<\/p>","protected":false},"author":1,"featured_media":0,"parent":0,"menu_order":0,"comment_status":"closed","ping_status":"closed","template":"","meta":{"_uag_custom_page_level_css":"","site-sidebar-layout":"no-sidebar","site-content-layout":"page-builder","ast-site-content-layout":"full-width-container","site-content-style":"unboxed","site-sidebar-style":"unboxed","ast-global-header-display":"","ast-banner-title-visibility":"","ast-main-header-display":"","ast-hfb-above-header-display":"","ast-hfb-below-header-display":"","ast-hfb-mobile-header-display":"","site-post-title":"disabled","ast-breadcrumbs-content":"","ast-featured-img":"disabled","footer-sml-layout":"","ast-disable-related-posts":"","theme-transparent-header-meta":"enabled","adv-header-id-meta":"","stick-header-meta":"","header-above-stick-meta":"","header-main-stick-meta":"","header-below-stick-meta":"","astra-migrate-meta-layouts":"set","ast-page-background-enabled":"default","ast-page-background-meta":{"desktop":{"background-color":"","background-image":"","background-repeat":"repeat","background-position":"center center","background-size":"auto","background-attachment":"scroll","background-type":"","background-media":"","overlay-type":"","overlay-color":"","overlay-opacity":"","overlay-gradient":""},"tablet":{"background-color":"","background-image":"","background-repeat":"repeat","background-position":"center center","background-size":"auto","background-attachment":"scroll","background-type":"","background-media":"","overlay-type":"","overlay-color":"","overlay-opacity":"","overlay-gradient":""},"mobile":{"background-color":"","background-image":"","background-repeat":"repeat","background-position":"center center","background-size":"auto","background-attachment":"scroll","background-type":"","background-media":"","overlay-type":"","overlay-color":"","overlay-opacity":"","overlay-gradient":""}},"ast-content-background-meta":{"desktop":{"background-color":"var(--ast-global-color-5)","background-image":"","background-repeat":"repeat","background-position":"center center","background-size":"auto","background-attachment":"scroll","background-type":"","background-media":"","overlay-type":"","overlay-color":"","overlay-opacity":"","overlay-gradient":""},"tablet":{"background-color":"var(--ast-global-color-5)","background-image":"","background-repeat":"repeat","background-position":"center center","background-size":"auto","background-attachment":"scroll","background-type":"","background-media":"","overlay-type":"","overlay-color":"","overlay-opacity":"","overlay-gradient":""},"mobile":{"background-color":"var(--ast-global-color-5)","background-image":"","background-repeat":"repeat","background-position":"center center","background-size":"auto","background-attachment":"scroll","background-type":"","background-media":"","overlay-type":"","overlay-color":"","overlay-opacity":"","overlay-gradient":""}},"footnotes":""},"class_list":["post-1488","page","type-page","status-publish","hentry"],"uagb_featured_image_src":{"full":false,"thumbnail":false,"medium":false,"medium_large":false,"large":false,"1536x1536":false,"2048x2048":false,"trp-custom-language-flag":false},"uagb_author_info":{"display_name":"zvonimirbedi","author_link":"https:\/\/astorx.hr\/en\/author\/zvonimirbedi\/"},"uagb_comment_info":0,"uagb_excerpt":"Kako Vam Mo\u017eemo Pomo\u0107i? Prilago\u0111ena digitalna rje\u0161enja koja optimiziraju poslovne procese i podr\u017eavaju odr\u017eiv rast va\u0161eg poslovanja u konkurentnom tr\u017ei\u0161tu. Na\u0161i Klijenti Povjerenje u kvalitetu i stru\u010dnosti. \u017delite zapo\u010deti projekt s nama?\u200b Kontaktirajte nas i prona\u0111imo najbolje rje\u0161enje za va\u0161e poslovanje!","_links":{"self":[{"href":"https:\/\/astorx.hr\/en\/wp-json\/wp\/v2\/pages\/1488","targetHints":{"allow":["GET"]}}],"collection":[{"href":"https:\/\/astorx.hr\/en\/wp-json\/wp\/v2\/pages"}],"about":[{"href":"https:\/\/astorx.hr\/en\/wp-json\/wp\/v2\/types\/page"}],"author":[{"embeddable":true,"href":"https:\/\/astorx.hr\/en\/wp-json\/wp\/v2\/users\/1"}],"replies":[{"embeddable":true,"href":"https:\/\/astorx.hr\/en\/wp-json\/wp\/v2\/comments?post=1488"}],"version-history":[{"count":47,"href":"https:\/\/astorx.hr\/en\/wp-json\/wp\/v2\/pages\/1488\/revisions"}],"predecessor-version":[{"id":3312,"href":"https:\/\/astorx.hr\/en\/wp-json\/wp\/v2\/pages\/1488\/revisions\/3312"}],"wp:attachment":[{"href":"https:\/\/astorx.hr\/en\/wp-json\/wp\/v2\/media?parent=1488"}],"curies":[{"name":"wp","href":"https:\/\/api.w.org\/{rel}","templated":true}]}}