{"id":3252,"date":"2025-02-10T09:38:05","date_gmt":"2025-02-10T09:38:05","guid":{"rendered":"https:\/\/astorx.hr\/?page_id=3252"},"modified":"2025-02-10T10:00:27","modified_gmt":"2025-02-10T10:00:27","slug":"forma","status":"publish","type":"page","link":"https:\/\/astorx.hr\/en\/forma\/","title":{"rendered":"Forma"},"content":{"rendered":"<div class=\"wp-block-uagb-container uagb-block-306732e7 alignfull uagb-is-root-container\"><div class=\"uagb-container-inner-blocks-wrap\">\n<style>\n\/* Default for Desktop *\/\n.iframe-container {\n    width: 100%;\n    height: 1200px; \/* Adjust as needed *\/\n}\n\n.responsive-iframe {\n    width: 100%;\n    height: 100%;\n    border: none;\n}\n\n\/* Tablet *\/\n@media (max-width: 1024px) {\n    .iframe-container {\n        height: 1200px;\n    }\n}\n\n\/* Mobile *\/\n@media (max-width: 767px) {\n    .iframe-container {\n        height: 1700px;\n    }\n}\n<\/style>\n\n<center>\n<div class=\"iframe-container\">\n<iframe src=\"https:\/\/docs.google.com\/forms\/d\/e\/1FAIpQLSdDJq9iocqU4Nxz8fhs-WTvoONke73lCLgstgzVwCTrCbP23Q\/viewform?embedded=true\" style=\"width:100%;\" frameborder=\"0\" marginheight=\"0\" marginwidth=\"0\" class=\"responsive-iframe\">Loading\u2026<\/iframe><\/center><\/div>\n<\/div><\/div>\n\n\n\n<div class=\"wp-block-uagb-container uagb-block-b997312a alignfull uagb-is-root-container\"><div class=\"uagb-container-inner-blocks-wrap\">\n<div class=\"wp-block-uagb-container uagb-layout-grid uagb-block-005fba1f\">\n<div class=\"wp-block-uagb-advanced-heading uagb-block-12865cae\"><h3 class=\"uagb-heading-text\"><strong>Ready to Start a Project with Us?<\/strong>\u200b<\/h3><p class=\"uagb-desc-text\">Contact us and let\u2019s find the best solution for your business!<\/p><\/div>\n\n\n\n<div class=\"wp-block-uagb-buttons uagb-buttons__outer-wrap uagb-btn__default-btn uagb-btn-tablet__default-btn uagb-btn-mobile__default-btn uagb-block-2c953428\"><div class=\"uagb-buttons__wrap uagb-buttons-layout-wrap\">\n<div class=\"wp-block-uagb-buttons-child uagb-buttons__outer-wrap uagb-block-8bb4b826 wp-block-button\"><div class=\"uagb-button__wrapper\"><a class=\"uagb-buttons-repeater wp-block-button__link\" aria-label=\"\" href=\"tel:+385995328845\" rel=\"follow noopener\" target=\"_self\" role=\"button\"><div class=\"uagb-button__link\">+385 99 532 88 45<\/div><\/a><\/div><\/div>\n<\/div><\/div>\n<\/div>\n<\/div><\/div>","protected":false},"excerpt":{"rendered":"<p>Loading\u2026 \u017delite zapo\u010deti projekt s nama?\u200b Kontaktirajte nas i prona\u0111imo najbolje rje\u0161enje za va\u0161e poslovanje!<\/p>","protected":false},"author":1,"featured_media":0,"parent":0,"menu_order":0,"comment_status":"closed","ping_status":"closed","template":"","meta":{"_uag_custom_page_level_css":"","site-sidebar-layout":"default","site-content-layout":"","ast-site-content-layout":"default","site-content-style":"default","site-sidebar-style":"default","ast-global-header-display":"","ast-banner-title-visibility":"","ast-main-header-display":"","ast-hfb-above-header-display":"","ast-hfb-below-header-display":"","ast-hfb-mobile-header-display":"","site-post-title":"","ast-breadcrumbs-content":"","ast-featured-img":"","footer-sml-layout":"","ast-disable-related-posts":"","theme-transparent-header-meta":"","adv-header-id-meta":"","stick-header-meta":"","header-above-stick-meta":"","header-main-stick-meta":"","header-below-stick-meta":"","astra-migrate-meta-layouts":"set","ast-page-background-enabled":"default","ast-page-background-meta":{"desktop":{"background-color":"","background-image":"","background-repeat":"repeat","background-position":"center center","background-size":"auto","background-attachment":"scroll","background-type":"","background-media":"","overlay-type":"","overlay-color":"","overlay-opacity":"","overlay-gradient":""},"tablet":{"background-color":"","background-image":"","background-repeat":"repeat","background-position":"center center","background-size":"auto","background-attachment":"scroll","background-type":"","background-media":"","overlay-type":"","overlay-color":"","overlay-opacity":"","overlay-gradient":""},"mobile":{"background-color":"","background-image":"","background-repeat":"repeat","background-position":"center center","background-size":"auto","background-attachment":"scroll","background-type":"","background-media":"","overlay-type":"","overlay-color":"","overlay-opacity":"","overlay-gradient":""}},"ast-content-background-meta":{"desktop":{"background-color":"var(--ast-global-color-5)","background-image":"","background-repeat":"repeat","background-position":"center center","background-size":"auto","background-attachment":"scroll","background-type":"","background-media":"","overlay-type":"","overlay-color":"","overlay-opacity":"","overlay-gradient":""},"tablet":{"background-color":"var(--ast-global-color-5)","background-image":"","background-repeat":"repeat","background-position":"center center","background-size":"auto","background-attachment":"scroll","background-type":"","background-media":"","overlay-type":"","overlay-color":"","overlay-opacity":"","overlay-gradient":""},"mobile":{"background-color":"var(--ast-global-color-5)","background-image":"","background-repeat":"repeat","background-position":"center center","background-size":"auto","background-attachment":"scroll","background-type":"","background-media":"","overlay-type":"","overlay-color":"","overlay-opacity":"","overlay-gradient":""}},"footnotes":""},"class_list":["post-3252","page","type-page","status-publish","hentry"],"uagb_featured_image_src":{"full":false,"thumbnail":false,"medium":false,"medium_large":false,"large":false,"1536x1536":false,"2048x2048":false,"trp-custom-language-flag":false},"uagb_author_info":{"display_name":"zvonimirbedi","author_link":"https:\/\/astorx.hr\/en\/author\/zvonimirbedi\/"},"uagb_comment_info":0,"uagb_excerpt":"Loading\u2026 \u017delite zapo\u010deti projekt s nama?\u200b Kontaktirajte nas i prona\u0111imo najbolje rje\u0161enje za va\u0161e poslovanje!","_links":{"self":[{"href":"https:\/\/astorx.hr\/en\/wp-json\/wp\/v2\/pages\/3252","targetHints":{"allow":["GET"]}}],"collection":[{"href":"https:\/\/astorx.hr\/en\/wp-json\/wp\/v2\/pages"}],"about":[{"href":"https:\/\/astorx.hr\/en\/wp-json\/wp\/v2\/types\/page"}],"author":[{"embeddable":true,"href":"https:\/\/astorx.hr\/en\/wp-json\/wp\/v2\/users\/1"}],"replies":[{"embeddable":true,"href":"https:\/\/astorx.hr\/en\/wp-json\/wp\/v2\/comments?post=3252"}],"version-history":[{"count":15,"href":"https:\/\/astorx.hr\/en\/wp-json\/wp\/v2\/pages\/3252\/revisions"}],"predecessor-version":[{"id":3275,"href":"https:\/\/astorx.hr\/en\/wp-json\/wp\/v2\/pages\/3252\/revisions\/3275"}],"wp:attachment":[{"href":"https:\/\/astorx.hr\/en\/wp-json\/wp\/v2\/media?parent=3252"}],"curies":[{"name":"wp","href":"https:\/\/api.w.org\/{rel}","templated":true}]}}